{"id":21375,"date":"2026-02-06T10:16:06","date_gmt":"2026-02-06T07:16:06","guid":{"rendered":"https:\/\/www.luminyakozmetik.com\/?page_id=21375"},"modified":"2026-02-06T11:56:13","modified_gmt":"2026-02-06T08:56:13","slug":"hakkimizda","status":"publish","type":"page","link":"https:\/\/www.luminyakozmetik.com\/tr\/hakkimizda\/","title":{"rendered":"Hakk\u0131m\u0131zda"},"content":{"rendered":"<div data-elementor-type=\"wp-page\" data-elementor-id=\"21375\" class=\"elementor elementor-21375\">\n\t\t\t\t\t\t<section class=\"elementor-section elementor-top-section elementor-element elementor-element-d11ae9e elementor-section-stretched move-to-top-section elementor-section-boxed elementor-section-height-default elementor-section-height-default\" data-id=\"d11ae9e\" data-element_type=\"section\" data-e-type=\"section\" data-settings=\"{&quot;stretch_section&quot;:&quot;section-stretched&quot;,&quot;background_background&quot;:&quot;classic&quot;}\">\n\t\t\t\t\t\t<div class=\"elementor-container elementor-column-gap-default\">\n\t\t\t\t\t<div class=\"elementor-column elementor-col-50 elementor-top-column elementor-element elementor-element-db3630b elementor-hidden-tablet elementor-hidden-mobile\" data-id=\"db3630b\" data-element_type=\"column\" data-e-type=\"column\">\n\t\t\t<div class=\"elementor-widget-wrap elementor-element-populated\">\n\t\t\t\t\t\t<div class=\"elementor-element elementor-element-14f0721 elementor-widget elementor-widget-image\" data-id=\"14f0721\" data-element_type=\"widget\" data-e-type=\"widget\" data-widget_type=\"image.default\">\n\t\t\t\t<div class=\"elementor-widget-container\">\n\t\t\t\t\t\t\t\t\t\t\t\t\t\t\t<img fetchpriority=\"high\" decoding=\"async\" width=\"1000\" height=\"1000\" src=\"https:\/\/www.luminyakozmetik.com\/wp-content\/uploads\/2021\/09\/Adsiz-tasarim-3.png\" class=\"attachment-large size-large wp-image-22124\" alt=\"\" srcset=\"https:\/\/www.luminyakozmetik.com\/wp-content\/uploads\/2021\/09\/Adsiz-tasarim-3.png 1000w, https:\/\/www.luminyakozmetik.com\/wp-content\/uploads\/2021\/09\/Adsiz-tasarim-3-300x300.png 300w, https:\/\/www.luminyakozmetik.com\/wp-content\/uploads\/2021\/09\/Adsiz-tasarim-3-150x150.png 150w, https:\/\/www.luminyakozmetik.com\/wp-content\/uploads\/2021\/09\/Adsiz-tasarim-3-768x768.png 768w, https:\/\/www.luminyakozmetik.com\/wp-content\/uploads\/2021\/09\/Adsiz-tasarim-3-450x450.png 450w, https:\/\/www.luminyakozmetik.com\/wp-content\/uploads\/2021\/09\/Adsiz-tasarim-3-420x420.png 420w, https:\/\/www.luminyakozmetik.com\/wp-content\/uploads\/2021\/09\/Adsiz-tasarim-3-100x100.png 100w\" sizes=\"(max-width: 1000px) 100vw, 1000px\" \/>\t\t\t\t\t\t\t\t\t\t\t\t\t\t\t<\/div>\n\t\t\t\t<\/div>\n\t\t\t\t\t<\/div>\n\t\t<\/div>\n\t\t\t\t<div class=\"elementor-column elementor-col-50 elementor-top-column elementor-element elementor-element-4d0978d\" data-id=\"4d0978d\" data-element_type=\"column\" data-e-type=\"column\">\n\t\t\t<div class=\"elementor-widget-wrap elementor-element-populated\">\n\t\t\t\t\t\t<div class=\"elementor-element elementor-element-bc2175e elementor-invisible elementor-widget elementor-widget-heading\" data-id=\"bc2175e\" data-element_type=\"widget\" data-e-type=\"widget\" data-settings=\"{&quot;_animation&quot;:&quot;fadeInUp&quot;}\" data-widget_type=\"heading.default\">\n\t\t\t\t<div class=\"elementor-widget-container\">\n\t\t\t\t\t<h2 class=\"elementor-heading-title elementor-size-default\">KURUMSAL<\/h2>\t\t\t\t<\/div>\n\t\t\t\t<\/div>\n\t\t\t\t<div class=\"elementor-element elementor-element-bc5fd97 elementor-invisible elementor-widget elementor-widget-text-editor\" data-id=\"bc5fd97\" data-element_type=\"widget\" data-e-type=\"widget\" data-settings=\"{&quot;_animation&quot;:&quot;fadeInUp&quot;}\" data-widget_type=\"text-editor.default\">\n\t\t\t\t<div class=\"elementor-widget-container\">\n\t\t\t\t\t\t\t\t\t<p data-start=\"146\" data-end=\"436\">Luminya Kozmetik, ki\u015fisel bak\u0131m alan\u0131nda kalite, g\u00fcven ve s\u00fcrd\u00fcr\u00fclebilirlik ilkelerini esas alarak sabun \u00fcretimi ve sat\u0131\u015f\u0131 ger\u00e7ekle\u015ftiren bir kozmetik markas\u0131d\u0131r. Kuruldu\u011fumuz g\u00fcnden bu yana, cilt sa\u011fl\u0131\u011f\u0131n\u0131 \u00f6n planda tutan, g\u00fcvenilir ve y\u00fcksek standartlarda \u00fcr\u00fcnler sunmay\u0131 hedeflemekteyiz.<\/p><p data-start=\"438\" data-end=\"722\">\u00dcr\u00fcnlerimiz, titizlikle se\u00e7ilen i\u00e7erikler ve hijyenik \u00fcretim s\u00fcre\u00e7leriyle haz\u0131rlanmakta; kalite kontrol a\u015famalar\u0131ndan ge\u00e7irilerek t\u00fcketiciye sunulmaktad\u0131r. Luminya Kozmetik olarak, sekt\u00f6rdeki geli\u015fmeleri yak\u0131ndan takip ediyor, yenilik\u00e7i ve sorumlu \u00fcretim anlay\u0131\u015f\u0131yla hareket ediyoruz.<\/p><p data-start=\"724\" data-end=\"985\">M\u00fc\u015fteri memnuniyetini temel de\u011ferlerimiz aras\u0131nda g\u00f6r\u00fcyor; \u015feffafl\u0131k, s\u00fcreklilik ve kurumsal sorumluluk bilinciyle faaliyetlerimizi s\u00fcrd\u00fcr\u00fcyoruz. Amac\u0131m\u0131z, ki\u015fisel bak\u0131m ihtiya\u00e7lar\u0131na g\u00fcvenilir \u00e7\u00f6z\u00fcmler sunan, tercih edilen ve s\u00fcrd\u00fcr\u00fclebilir bir marka olmakt\u0131r.<\/p>\t\t\t\t\t\t\t\t<\/div>\n\t\t\t\t<\/div>\n\t\t\t\t<div class=\"elementor-element elementor-element-f1287ba elementor-invisible elementor-widget elementor-widget-heading\" data-id=\"f1287ba\" data-element_type=\"widget\" data-e-type=\"widget\" data-settings=\"{&quot;_animation&quot;:&quot;fadeInUp&quot;}\" data-widget_type=\"heading.default\">\n\t\t\t\t<div class=\"elementor-widget-container\">\n\t\t\t\t\t<h2 class=\"elementor-heading-title elementor-size-default\">Do\u011fal \u0131\u015f\u0131lt\u0131n\u0131n kayna\u011f\u0131na ho\u015f geldiniz. \ud83c\udf3f\u2728<\/h2>\t\t\t\t<\/div>\n\t\t\t\t<\/div>\n\t\t\t\t\t<\/div>\n\t\t<\/div>\n\t\t\t\t\t<\/div>\n\t\t<\/section>\n\t\t\t\t<section class=\"elementor-section elementor-top-section elementor-element elementor-element-66be2ed elementor-section-boxed elementor-section-height-default elementor-section-height-default\" data-id=\"66be2ed\" data-element_type=\"section\" data-e-type=\"section\">\n\t\t\t\t\t\t<div class=\"elementor-container elementor-column-gap-default\">\n\t\t\t\t\t<div class=\"elementor-column elementor-col-100 elementor-top-column elementor-element elementor-element-2679c67\" data-id=\"2679c67\" data-element_type=\"column\" data-e-type=\"column\">\n\t\t\t<div class=\"elementor-widget-wrap elementor-element-populated\">\n\t\t\t\t\t\t<div class=\"elementor-element elementor-element-005bca8 elementor-widget elementor-widget-spacer\" data-id=\"005bca8\" data-element_type=\"widget\" data-e-type=\"widget\" data-widget_type=\"spacer.default\">\n\t\t\t\t<div class=\"elementor-widget-container\">\n\t\t\t\t\t\t\t<div class=\"elementor-spacer\">\n\t\t\t<div class=\"elementor-spacer-inner\"><\/div>\n\t\t<\/div>\n\t\t\t\t\t\t<\/div>\n\t\t\t\t<\/div>\n\t\t\t\t\t<\/div>\n\t\t<\/div>\n\t\t\t\t\t<\/div>\n\t\t<\/section>\n\t\t\t\t<section class=\"elementor-section elementor-top-section elementor-element elementor-element-8432074 elementor-section-boxed elementor-section-height-default elementor-section-height-default\" data-id=\"8432074\" data-element_type=\"section\" data-e-type=\"section\">\n\t\t\t\t\t\t<div class=\"elementor-container elementor-column-gap-default\">\n\t\t\t\t\t<div class=\"elementor-column elementor-col-100 elementor-top-column elementor-element elementor-element-eb14be3\" data-id=\"eb14be3\" data-element_type=\"column\" data-e-type=\"column\">\n\t\t\t<div class=\"elementor-widget-wrap elementor-element-populated\">\n\t\t\t\t\t\t<section class=\"elementor-section elementor-inner-section elementor-element elementor-element-da3ca7f elementor-section-boxed elementor-section-height-default elementor-section-height-default\" data-id=\"da3ca7f\" data-element_type=\"section\" data-e-type=\"section\">\n\t\t\t\t\t\t<div class=\"elementor-container elementor-column-gap-default\">\n\t\t\t\t\t<div class=\"elementor-column elementor-col-33 elementor-inner-column elementor-element elementor-element-9253750\" data-id=\"9253750\" data-element_type=\"column\" data-e-type=\"column\">\n\t\t\t<div class=\"elementor-widget-wrap\">\n\t\t\t\t\t\t\t<\/div>\n\t\t<\/div>\n\t\t\t\t<div class=\"elementor-column elementor-col-33 elementor-inner-column elementor-element elementor-element-8349339\" data-id=\"8349339\" data-element_type=\"column\" data-e-type=\"column\">\n\t\t\t<div class=\"elementor-widget-wrap elementor-element-populated\">\n\t\t\t\t\t\t<div class=\"elementor-element elementor-element-5a58fa9 elementor-invisible elementor-widget elementor-widget-heading\" data-id=\"5a58fa9\" data-element_type=\"widget\" data-e-type=\"widget\" data-settings=\"{&quot;_animation&quot;:&quot;fadeInUp&quot;}\" data-widget_type=\"heading.default\">\n\t\t\t\t<div class=\"elementor-widget-container\">\n\t\t\t\t\t<h2 class=\"elementor-heading-title elementor-size-default\">Kozmetik Kategorileri<\/h2>\t\t\t\t<\/div>\n\t\t\t\t<\/div>\n\t\t\t\t<div class=\"elementor-element elementor-element-85dfacb elementor-invisible elementor-widget elementor-widget-text-editor\" data-id=\"85dfacb\" data-element_type=\"widget\" data-e-type=\"widget\" data-settings=\"{&quot;_animation&quot;:&quot;fadeInUp&quot;}\" data-widget_type=\"text-editor.default\">\n\t\t\t\t<div class=\"elementor-widget-container\">\n\t\t\t\t\t\t\t\t\t<p data-start=\"816\" data-end=\"859\">Do\u011fal \u0131\u015f\u0131lt\u0131n\u0131n kayna\u011f\u0131na ho\u015f geldiniz. \ud83c\udf3f\u2728<\/p>\t\t\t\t\t\t\t\t<\/div>\n\t\t\t\t<\/div>\n\t\t\t\t\t<\/div>\n\t\t<\/div>\n\t\t\t\t<div class=\"elementor-column elementor-col-33 elementor-inner-column elementor-element elementor-element-8f95c2a\" data-id=\"8f95c2a\" data-element_type=\"column\" data-e-type=\"column\">\n\t\t\t<div class=\"elementor-widget-wrap\">\n\t\t\t\t\t\t\t<\/div>\n\t\t<\/div>\n\t\t\t\t\t<\/div>\n\t\t<\/section>\n\t\t\t\t\t<\/div>\n\t\t<\/div>\n\t\t\t\t\t<\/div>\n\t\t<\/section>\n\t\t\t\t<section class=\"elementor-section elementor-top-section elementor-element elementor-element-d60e590 elementor-section-stretched elementor-section-boxed elementor-section-height-default elementor-section-height-default\" data-id=\"d60e590\" data-element_type=\"section\" data-e-type=\"section\" data-settings=\"{&quot;stretch_section&quot;:&quot;section-stretched&quot;}\">\n\t\t\t\t\t\t<div class=\"elementor-container elementor-column-gap-default\">\n\t\t\t\t\t<div class=\"elementor-column elementor-col-25 elementor-top-column elementor-element elementor-element-438bf15 icon-box-with-bg elementor-invisible\" data-id=\"438bf15\" data-element_type=\"column\" data-e-type=\"column\" data-settings=\"{&quot;background_background&quot;:&quot;classic&quot;,&quot;animation&quot;:&quot;fadeInUp&quot;,&quot;animation_delay&quot;:200}\">\n\t\t\t<div class=\"elementor-widget-wrap elementor-element-populated\">\n\t\t\t\t\t\t<div class=\"elementor-element elementor-element-0631ec2 elementor-widget elementor-widget-image\" data-id=\"0631ec2\" data-element_type=\"widget\" data-e-type=\"widget\" data-widget_type=\"image.default\">\n\t\t\t\t<div class=\"elementor-widget-container\">\n\t\t\t\t\t\t\t\t\t\t\t\t\t\t\t<img decoding=\"async\" width=\"370\" height=\"190\" src=\"https:\/\/www.luminyakozmetik.com\/wp-content\/uploads\/2020\/12\/icon-box-bg3.png\" class=\"attachment-full size-full wp-image-21387\" alt=\"\" srcset=\"https:\/\/www.luminyakozmetik.com\/wp-content\/uploads\/2020\/12\/icon-box-bg3.png 370w, https:\/\/www.luminyakozmetik.com\/wp-content\/uploads\/2020\/12\/icon-box-bg3-300x154.png 300w\" sizes=\"(max-width: 370px) 100vw, 370px\" \/>\t\t\t\t\t\t\t\t\t\t\t\t\t\t\t<\/div>\n\t\t\t\t<\/div>\n\t\t\t\t<div class=\"elementor-element elementor-element-5e3270a elementor-view-stacked elementor-shape-circle elementor-position-block-start elementor-mobile-position-block-start elementor-widget elementor-widget-icon-box\" data-id=\"5e3270a\" data-element_type=\"widget\" data-e-type=\"widget\" data-widget_type=\"icon-box.default\">\n\t\t\t\t<div class=\"elementor-widget-container\">\n\t\t\t\t\t\t\t<div class=\"elementor-icon-box-wrapper\">\n\n\t\t\t\t\t\t<div class=\"elementor-icon-box-icon\">\n\t\t\t\t<span  class=\"elementor-icon elementor-animation-float\">\n\t\t\t\t\t\t\t\t<\/span>\n\t\t\t<\/div>\n\t\t\t\n\t\t\t\t\t\t<div class=\"elementor-icon-box-content\">\n\n\t\t\t\t\t\t\t\t\t<h3 class=\"elementor-icon-box-title\">\n\t\t\t\t\t\t<span  >\n\t\t\t\t\t\t\tCilt Rahatlatma &amp; Yat\u0131\u015ft\u0131rma\t\t\t\t\t\t<\/span>\n\t\t\t\t\t<\/h3>\n\t\t\t\t\n\t\t\t\t\t\t\t\t\t<p class=\"elementor-icon-box-description\">\n\t\t\t\t\t\tYat\u0131\u015ft\u0131r\u0131c\u0131 Etki\t\t\t\t\t<\/p>\n\t\t\t\t\n\t\t\t<\/div>\n\t\t\t\n\t\t<\/div>\n\t\t\t\t\t\t<\/div>\n\t\t\t\t<\/div>\n\t\t\t\t\t<\/div>\n\t\t<\/div>\n\t\t\t\t<div class=\"elementor-column elementor-col-25 elementor-top-column elementor-element elementor-element-ac36e1d icon-box-with-bg elementor-invisible\" data-id=\"ac36e1d\" data-element_type=\"column\" data-e-type=\"column\" data-settings=\"{&quot;background_background&quot;:&quot;classic&quot;,&quot;animation&quot;:&quot;fadeInUp&quot;}\">\n\t\t\t<div class=\"elementor-widget-wrap elementor-element-populated\">\n\t\t\t\t\t\t<div class=\"elementor-element elementor-element-7c7f149 elementor-widget elementor-widget-image\" data-id=\"7c7f149\" data-element_type=\"widget\" data-e-type=\"widget\" data-widget_type=\"image.default\">\n\t\t\t\t<div class=\"elementor-widget-container\">\n\t\t\t\t\t\t\t\t\t\t\t\t\t\t\t<img decoding=\"async\" width=\"370\" height=\"190\" src=\"https:\/\/www.luminyakozmetik.com\/wp-content\/uploads\/2020\/12\/icon-box-bg1.png\" class=\"attachment-full size-full wp-image-21383\" alt=\"\" srcset=\"https:\/\/www.luminyakozmetik.com\/wp-content\/uploads\/2020\/12\/icon-box-bg1.png 370w, https:\/\/www.luminyakozmetik.com\/wp-content\/uploads\/2020\/12\/icon-box-bg1-300x154.png 300w\" sizes=\"(max-width: 370px) 100vw, 370px\" \/>\t\t\t\t\t\t\t\t\t\t\t\t\t\t\t<\/div>\n\t\t\t\t<\/div>\n\t\t\t\t<div class=\"elementor-element elementor-element-99504a5 elementor-view-stacked elementor-shape-circle elementor-position-block-start elementor-mobile-position-block-start elementor-widget elementor-widget-icon-box\" data-id=\"99504a5\" data-element_type=\"widget\" data-e-type=\"widget\" data-widget_type=\"icon-box.default\">\n\t\t\t\t<div class=\"elementor-widget-container\">\n\t\t\t\t\t\t\t<div class=\"elementor-icon-box-wrapper\">\n\n\t\t\t\t\t\t<div class=\"elementor-icon-box-icon\">\n\t\t\t\t<span  class=\"elementor-icon elementor-animation-float\">\n\t\t\t\t\t\t\t\t<\/span>\n\t\t\t<\/div>\n\t\t\t\n\t\t\t\t\t\t<div class=\"elementor-icon-box-content\">\n\n\t\t\t\t\t\t\t\t\t<h3 class=\"elementor-icon-box-title\">\n\t\t\t\t\t\t<span  >\n\t\t\t\t\t\t\tCilt Tonu Dengeleyici\t\t\t\t\t\t<\/span>\n\t\t\t\t\t<\/h3>\n\t\t\t\t\n\t\t\t\t\t\t\t\t\t<p class=\"elementor-icon-box-description\">\n\t\t\t\t\t\tDo\u011fal I\u015f\u0131lt\u0131 Deste\u011fi Sa\u011flar\t\t\t\t\t<\/p>\n\t\t\t\t\n\t\t\t<\/div>\n\t\t\t\n\t\t<\/div>\n\t\t\t\t\t\t<\/div>\n\t\t\t\t<\/div>\n\t\t\t\t\t<\/div>\n\t\t<\/div>\n\t\t\t\t<div class=\"elementor-column elementor-col-25 elementor-top-column elementor-element elementor-element-4ed7eb1 icon-box-with-bg elementor-invisible\" data-id=\"4ed7eb1\" data-element_type=\"column\" data-e-type=\"column\" data-settings=\"{&quot;background_background&quot;:&quot;classic&quot;,&quot;animation&quot;:&quot;fadeInUp&quot;,&quot;animation_delay&quot;:100}\">\n\t\t\t<div class=\"elementor-widget-wrap elementor-element-populated\">\n\t\t\t\t\t\t<div class=\"elementor-element elementor-element-584c331 elementor-widget elementor-widget-image\" data-id=\"584c331\" data-element_type=\"widget\" data-e-type=\"widget\" data-widget_type=\"image.default\">\n\t\t\t\t<div class=\"elementor-widget-container\">\n\t\t\t\t\t\t\t\t\t\t\t\t\t\t\t<img loading=\"lazy\" decoding=\"async\" width=\"370\" height=\"190\" src=\"https:\/\/www.luminyakozmetik.com\/wp-content\/uploads\/2020\/12\/icon-box-bg2.png\" class=\"attachment-full size-full wp-image-21388\" alt=\"\" srcset=\"https:\/\/www.luminyakozmetik.com\/wp-content\/uploads\/2020\/12\/icon-box-bg2.png 370w, https:\/\/www.luminyakozmetik.com\/wp-content\/uploads\/2020\/12\/icon-box-bg2-300x154.png 300w\" sizes=\"(max-width: 370px) 100vw, 370px\" \/>\t\t\t\t\t\t\t\t\t\t\t\t\t\t\t<\/div>\n\t\t\t\t<\/div>\n\t\t\t\t<div class=\"elementor-element elementor-element-cfca19b elementor-view-stacked elementor-shape-circle elementor-position-block-start elementor-mobile-position-block-start elementor-widget elementor-widget-icon-box\" data-id=\"cfca19b\" data-element_type=\"widget\" data-e-type=\"widget\" data-widget_type=\"icon-box.default\">\n\t\t\t\t<div class=\"elementor-widget-container\">\n\t\t\t\t\t\t\t<div class=\"elementor-icon-box-wrapper\">\n\n\t\t\t\t\t\t<div class=\"elementor-icon-box-icon\">\n\t\t\t\t<span  class=\"elementor-icon elementor-animation-float\">\n\t\t\t\t\t\t\t\t<\/span>\n\t\t\t<\/div>\n\t\t\t\n\t\t\t\t\t\t<div class=\"elementor-icon-box-content\">\n\n\t\t\t\t\t\t\t\t\t<h3 class=\"elementor-icon-box-title\">\n\t\t\t\t\t\t<span  >\n\t\t\t\t\t\t\tTon E\u015fitleyici Etki\t\t\t\t\t\t<\/span>\n\t\t\t\t\t<\/h3>\n\t\t\t\t\n\t\t\t\t\t\t\t\t\t<p class=\"elementor-icon-box-description\">\n\t\t\t\t\t\tLeke G\u00f6r\u00fcn\u00fcm\u00fcn\u00fc Azaltmaya Yard\u0131mc\u0131\t\t\t\t\t<\/p>\n\t\t\t\t\n\t\t\t<\/div>\n\t\t\t\n\t\t<\/div>\n\t\t\t\t\t\t<\/div>\n\t\t\t\t<\/div>\n\t\t\t\t\t<\/div>\n\t\t<\/div>\n\t\t\t\t<div class=\"elementor-column elementor-col-25 elementor-top-column elementor-element elementor-element-6507139 icon-box-with-bg elementor-invisible\" data-id=\"6507139\" data-element_type=\"column\" data-e-type=\"column\" data-settings=\"{&quot;background_background&quot;:&quot;classic&quot;,&quot;animation&quot;:&quot;fadeInUp&quot;,&quot;animation_delay&quot;:200}\">\n\t\t\t<div class=\"elementor-widget-wrap elementor-element-populated\">\n\t\t\t\t\t\t<div class=\"elementor-element elementor-element-3466118 elementor-widget elementor-widget-image\" data-id=\"3466118\" data-element_type=\"widget\" data-e-type=\"widget\" data-widget_type=\"image.default\">\n\t\t\t\t<div class=\"elementor-widget-container\">\n\t\t\t\t\t\t\t\t\t\t\t\t\t\t\t<img decoding=\"async\" width=\"370\" height=\"190\" src=\"https:\/\/www.luminyakozmetik.com\/wp-content\/uploads\/2020\/12\/icon-box-bg3.png\" class=\"attachment-full size-full wp-image-21387\" alt=\"\" srcset=\"https:\/\/www.luminyakozmetik.com\/wp-content\/uploads\/2020\/12\/icon-box-bg3.png 370w, https:\/\/www.luminyakozmetik.com\/wp-content\/uploads\/2020\/12\/icon-box-bg3-300x154.png 300w\" sizes=\"(max-width: 370px) 100vw, 370px\" \/>\t\t\t\t\t\t\t\t\t\t\t\t\t\t\t<\/div>\n\t\t\t\t<\/div>\n\t\t\t\t<div class=\"elementor-element elementor-element-5c1f221 elementor-view-stacked elementor-shape-circle elementor-position-block-start elementor-mobile-position-block-start elementor-widget elementor-widget-icon-box\" data-id=\"5c1f221\" data-element_type=\"widget\" data-e-type=\"widget\" data-widget_type=\"icon-box.default\">\n\t\t\t\t<div class=\"elementor-widget-container\">\n\t\t\t\t\t\t\t<div class=\"elementor-icon-box-wrapper\">\n\n\t\t\t\t\t\t<div class=\"elementor-icon-box-icon\">\n\t\t\t\t<span  class=\"elementor-icon elementor-animation-float\">\n\t\t\t\t\t\t\t\t<\/span>\n\t\t\t<\/div>\n\t\t\t\n\t\t\t\t\t\t<div class=\"elementor-icon-box-content\">\n\n\t\t\t\t\t\t\t\t\t<h3 class=\"elementor-icon-box-title\">\n\t\t\t\t\t\t<span  >\n\t\t\t\t\t\t\tSa\u00e7 Derisi Bak\u0131m\u0131\t\t\t\t\t\t<\/span>\n\t\t\t\t\t<\/h3>\n\t\t\t\t\n\t\t\t\t\t\t\t\t\t<p class=\"elementor-icon-box-description\">\n\t\t\t\t\t\tSa\u00e7 D\u00f6k\u00fclmesine Kar\u015f\u0131 Destek\t\t\t\t\t<\/p>\n\t\t\t\t\n\t\t\t<\/div>\n\t\t\t\n\t\t<\/div>\n\t\t\t\t\t\t<\/div>\n\t\t\t\t<\/div>\n\t\t\t\t\t<\/div>\n\t\t<\/div>\n\t\t\t\t\t<\/div>\n\t\t<\/section>\n\t\t\t\t<\/div>","protected":false},"excerpt":{"rendered":"<p>KURUMSAL Luminya Kozmetik, ki\u015fisel bak\u0131m alan\u0131nda kalite, g\u00fcven ve s\u00fcrd\u00fcr\u00fclebilirlik ilkelerini esas alarak sabun \u00fcretimi ve sat\u0131\u015f\u0131 ger\u00e7ekle\u015ftiren bir kozmetik markas\u0131d\u0131r. Kuruldu\u011fumuz g\u00fcnden bu yana, cilt sa\u011fl\u0131\u011f\u0131n\u0131 \u00f6n planda tutan, g\u00fcvenilir ve y\u00fcksek standartlarda \u00fcr\u00fcnler sunmay\u0131 hedeflemekteyiz. \u00dcr\u00fcnlerimiz, titizlikle se\u00e7ilen i\u00e7erikler ve hijyenik \u00fcretim s\u00fcre\u00e7leriyle haz\u0131rlanmakta; kalite kontrol a\u015famalar\u0131ndan ge\u00e7irilerek t\u00fcketiciye sunulmaktad\u0131r. Luminya Kozmetik olarak, [&hellip;]<\/p>","protected":false},"author":1,"featured_media":0,"parent":0,"menu_order":0,"comment_status":"closed","ping_status":"closed","template":"","meta":{"footnotes":""},"class_list":["post-21375","page","type-page","status-publish","hentry"],"aioseo_notices":[],"_links":{"self":[{"href":"https:\/\/www.luminyakozmetik.com\/tr\/wp-json\/wp\/v2\/pages\/21375","targetHints":{"allow":["GET"]}}],"collection":[{"href":"https:\/\/www.luminyakozmetik.com\/tr\/wp-json\/wp\/v2\/pages"}],"about":[{"href":"https:\/\/www.luminyakozmetik.com\/tr\/wp-json\/wp\/v2\/types\/page"}],"author":[{"embeddable":true,"href":"https:\/\/www.luminyakozmetik.com\/tr\/wp-json\/wp\/v2\/users\/1"}],"replies":[{"embeddable":true,"href":"https:\/\/www.luminyakozmetik.com\/tr\/wp-json\/wp\/v2\/comments?post=21375"}],"version-history":[{"count":8,"href":"https:\/\/www.luminyakozmetik.com\/tr\/wp-json\/wp\/v2\/pages\/21375\/revisions"}],"predecessor-version":[{"id":22192,"href":"https:\/\/www.luminyakozmetik.com\/tr\/wp-json\/wp\/v2\/pages\/21375\/revisions\/22192"}],"wp:attachment":[{"href":"https:\/\/www.luminyakozmetik.com\/tr\/wp-json\/wp\/v2\/media?parent=21375"}],"curies":[{"name":"wp","href":"https:\/\/api.w.org\/{rel}","templated":true}]}}