{"id":3,"date":"2020-11-26T09:09:58","date_gmt":"2020-11-26T09:09:58","guid":{"rendered":"http:\/\/www.luminyakozmetik.com\/?page_id=3"},"modified":"2026-02-07T14:31:56","modified_gmt":"2026-02-07T11:31:56","slug":"gizlilik-politikasi","status":"publish","type":"page","link":"https:\/\/www.luminyakozmetik.com\/tr\/gizlilik-politikasi\/","title":{"rendered":"Gizlilik S\u00f6zle\u015fmesi"},"content":{"rendered":"<p><strong>Luminya Kozmetik <\/strong>firmas\u0131 m\u00fc\u015fterilerinin gizlilik haklar\u0131na b\u00fcy\u00fck \u00f6nem vermekte ve a\u015fa\u011f\u0131da a\u00e7\u0131klanan Gizlilik Politikas\u0131n\u0131 uygulamaktad\u0131r.<\/p>\r\n<p>A\u015fa\u011f\u0131daki maddeler, sitemizde toplanan m\u00fc\u015fteri bilgilerinin neler oldu\u011fu, hangi ama\u00e7lar i\u00e7in topland\u0131\u011f\u0131, hangi \u015fekillerde kullan\u0131ld\u0131\u011f\u0131, bu bilgileri nas\u0131l de\u011fi\u015ftirebilece\u011finiz, sizinle yap\u0131lan ileti\u015fim konusundaki tercihleriniz gibi konular\u0131 i\u00e7ermektedir. Sitemize ve e-b\u00fcltene \u00fcye olman\u0131z durumunda sizlere daha iyi hizmet verebilmek ad\u0131na ad, soyad\u0131, e-posta adresi, telefon numaras\u0131, cinsiyet, do\u011fum tarihi, ki\u015fisel ilgi alanlar\u0131, fatura ve teslimat adresleri gibi baz\u0131 ki\u015fisel bilgilerinize ihtiya\u00e7 duyaca\u011f\u0131z. Bu bilgiler, sipari\u015f s\u00fcre\u00e7lerini y\u00fcr\u00fctmek, tamamlamak \u00a0ve m\u00fc\u015fterilerimizle ilgili ileti\u015fimi sa\u011flamak i\u00e7in kullan\u0131l\u0131r. \u00d6deme sayfas\u0131nda istenen kredi kart\u0131 bilgileriniz, siteden al\u0131\u015fveri\u015f yapan siz de\u011ferli m\u00fc\u015fterilerimizin g\u00fcvenli\u011fini en \u00fcst seviyede tutmak amac\u0131yla hi\u00e7bir \u015fekilde web sitemizde veya ona hizmet veren \u015firketlerin sunucular\u0131nda tutulmamaktad\u0131r. Bu \u015fekilde \u00f6demeye y\u00f6nelik t\u00fcm i\u015flemlerin\u00a0<strong>www.luminyakozmetik.com<\/strong>\u00a0aray\u00fcz\u00fc \u00fczerinden banka ve bilgisayar\u0131n\u0131z (tabletiniz ya da mobil cihaz\u0131n\u0131z) aras\u0131nda ger\u00e7ekle\u015fmesi sa\u011flanmaktad\u0131r. Bunlara ek olarak; \u00fcr\u00fcnler, servisler, kampanyalar ve promosyonlarla ilgili bilgi vermek, m\u00fc\u015fterilerimizin al\u0131\u015fveri\u015f tercihlerini daha iyi anlamak, trend analizleri ve istatistiksel analizler yapmak, sitenin g\u00fcvenli\u011fini g\u00fc\u00e7lendirmek amac\u0131yla kullan\u0131l\u0131r.<\/p>\r\n<p>Ek bilgi almak istedi\u011finiz konularda <strong>0505 019 50 50<\/strong>\u00a0numaral\u0131 M\u00fc\u015fteri Hizmetleri telefonumuzdan veya\u00a0<strong>info@luminyakozmetik.com<\/strong>\u00a0e-mail adresinden bize ula\u015fabilirsiniz.<\/p>","protected":false},"excerpt":{"rendered":"<p>Luminya Kozmetik firmas\u0131 m\u00fc\u015fterilerinin gizlilik haklar\u0131na b\u00fcy\u00fck \u00f6nem vermekte ve a\u015fa\u011f\u0131da a\u00e7\u0131klanan Gizlilik Politikas\u0131n\u0131 uygulamaktad\u0131r. A\u015fa\u011f\u0131daki maddeler, sitemizde toplanan m\u00fc\u015fteri bilgilerinin neler oldu\u011fu, hangi ama\u00e7lar i\u00e7in topland\u0131\u011f\u0131, hangi \u015fekillerde kullan\u0131ld\u0131\u011f\u0131, bu bilgileri nas\u0131l de\u011fi\u015ftirebilece\u011finiz, sizinle yap\u0131lan ileti\u015fim konusundaki tercihleriniz gibi konular\u0131 i\u00e7ermektedir. Sitemize ve e-b\u00fcltene \u00fcye olman\u0131z durumunda sizlere daha iyi hizmet verebilmek ad\u0131na ad, [&hellip;]<\/p>","protected":false},"author":1,"featured_media":0,"parent":0,"menu_order":0,"comment_status":"closed","ping_status":"open","template":"","meta":{"footnotes":""},"class_list":["post-3","page","type-page","status-publish","hentry"],"aioseo_notices":[],"_links":{"self":[{"href":"https:\/\/www.luminyakozmetik.com\/tr\/wp-json\/wp\/v2\/pages\/3","targetHints":{"allow":["GET"]}}],"collection":[{"href":"https:\/\/www.luminyakozmetik.com\/tr\/wp-json\/wp\/v2\/pages"}],"about":[{"href":"https:\/\/www.luminyakozmetik.com\/tr\/wp-json\/wp\/v2\/types\/page"}],"author":[{"embeddable":true,"href":"https:\/\/www.luminyakozmetik.com\/tr\/wp-json\/wp\/v2\/users\/1"}],"replies":[{"embeddable":true,"href":"https:\/\/www.luminyakozmetik.com\/tr\/wp-json\/wp\/v2\/comments?post=3"}],"version-history":[{"count":3,"href":"https:\/\/www.luminyakozmetik.com\/tr\/wp-json\/wp\/v2\/pages\/3\/revisions"}],"predecessor-version":[{"id":22409,"href":"https:\/\/www.luminyakozmetik.com\/tr\/wp-json\/wp\/v2\/pages\/3\/revisions\/22409"}],"wp:attachment":[{"href":"https:\/\/www.luminyakozmetik.com\/tr\/wp-json\/wp\/v2\/media?parent=3"}],"curies":[{"name":"wp","href":"https:\/\/api.w.org\/{rel}","templated":true}]}}