{"id":22305,"date":"2026-02-06T23:43:05","date_gmt":"2026-02-06T20:43:05","guid":{"rendered":"https:\/\/www.luminyakozmetik.com\/?post_type=product&#038;p=22305"},"modified":"2026-03-04T23:13:51","modified_gmt":"2026-03-04T20:13:51","slug":"dogal-safran-sabunu-ton-esitleyici-etki-100-g","status":"publish","type":"product","link":"https:\/\/www.luminyakozmetik.com\/tr\/urun\/dogal-safran-sabunu-ton-esitleyici-etki-100-g\/","title":{"rendered":"4 Adet Do\u011fal Safran Sabunu | Ton E\u015fitleyici Etki Tanesi100 G"},"content":{"rendered":"<p data-start=\"0\" data-end=\"239\"><strong data-start=\"0\" data-end=\"17\">Safran sabunu<\/strong>, ana etken maddesi <strong data-start=\"37\" data-end=\"68\">safran \u00f6z\u00fc veya safran ya\u011f\u0131<\/strong> olan, genellikle <strong data-start=\"86\" data-end=\"108\">do\u011fal ve el yap\u0131m\u0131<\/strong> olarak \u00fcretilen bir bak\u0131m sabunudur. \u00d6zellikle <strong data-start=\"156\" data-end=\"213\">cilt tonu e\u015fitleme, ayd\u0131nlatma ve canl\u0131l\u0131k kazand\u0131rma<\/strong> amac\u0131yla tercih edilir.<\/p>\n<p><strong>Kullan\u0131m \u015eekli:<\/strong> T\u00fcm v\u00fccuda k\u00f6p\u00fcrt\u00fclerek uygulan\u0131r.<\/p>\n<p><strong>\u0130\u00e7indekiler:<\/strong> Sodium palmate, sodium palm kernelate, aqua, palmitic acid, sodium chloride, glycerin, tetrasodium etidronate, tetrasodium EDTA, parfume, sulphur.<\/p>\n<p data-start=\"1275\" data-end=\"1333\"><strong>Safran i\u00e7erikli sabunlar genelde \u015f\u00f6yle \u00f6zellikler sunar:<\/strong><\/p>\n<ul data-start=\"1334\" data-end=\"1783\">\n<li data-start=\"1334\" data-end=\"1487\">\n<p data-start=\"1336\" data-end=\"1487\">\u2728 <strong data-start=\"1338\" data-end=\"1382\">Cilt tonunu e\u015fitlemeye yard\u0131mc\u0131 olabilir<\/strong> ve parlakl\u0131k sa\u011flar (safran\u0131n antioksidan \u00f6zellikleri sayesinde)<\/p>\n<\/li>\n<li data-start=\"1488\" data-end=\"1628\">\n<p data-start=\"1490\" data-end=\"1628\">\ud83c\udf3f <strong data-start=\"1493\" data-end=\"1537\">Do\u011fal i\u00e7eriklerle cildi nazik\u00e7e temizler<\/strong> (kimyasal sert maddeler i\u00e7ermezse daha uygundur)<\/p>\n<\/li>\n<li data-start=\"1629\" data-end=\"1783\">\n<p data-start=\"1631\" data-end=\"1783\">\ud83e\uddf4 Baz\u0131 form\u00fcllerde <strong data-start=\"1651\" data-end=\"1702\">turmeric\/sandal a\u011fac\u0131 gibi bitkisel desteklerle<\/strong> leke g\u00f6r\u00fcn\u00fcm\u00fcn\u00fc azaltma etkisi eklenir<\/p>\n<\/li>\n<\/ul>","protected":false},"excerpt":{"rendered":"<p>Safran sabunu, ana etken maddesi safran \u00f6z\u00fc veya safran ya\u011f\u0131 olan, genellikle do\u011fal ve el yap\u0131m\u0131 olarak \u00fcretilen bir bak\u0131m sabunudur. \u00d6zellikle cilt tonu e\u015fitleme, ayd\u0131nlatma ve canl\u0131l\u0131k kazand\u0131rma amac\u0131yla tercih edilir.<\/p>","protected":false},"featured_media":22426,"comment_status":"open","ping_status":"closed","template":"","meta":[],"product_brand":[],"product_cat":[64],"product_tag":[],"class_list":{"0":"post-22305","1":"product","2":"type-product","3":"status-publish","4":"has-post-thumbnail","6":"product_cat-urunler","8":"first","9":"instock","10":"sale","11":"featured","12":"shipping-taxable","13":"purchasable","14":"product-type-simple"},"aioseo_notices":[],"_links":{"self":[{"href":"https:\/\/www.luminyakozmetik.com\/tr\/wp-json\/wp\/v2\/product\/22305","targetHints":{"allow":["GET"]}}],"collection":[{"href":"https:\/\/www.luminyakozmetik.com\/tr\/wp-json\/wp\/v2\/product"}],"about":[{"href":"https:\/\/www.luminyakozmetik.com\/tr\/wp-json\/wp\/v2\/types\/product"}],"replies":[{"embeddable":true,"href":"https:\/\/www.luminyakozmetik.com\/tr\/wp-json\/wp\/v2\/comments?post=22305"}],"version-history":[{"count":3,"href":"https:\/\/www.luminyakozmetik.com\/tr\/wp-json\/wp\/v2\/product\/22305\/revisions"}],"predecessor-version":[{"id":22440,"href":"https:\/\/www.luminyakozmetik.com\/tr\/wp-json\/wp\/v2\/product\/22305\/revisions\/22440"}],"wp:featuredmedia":[{"embeddable":true,"href":"https:\/\/www.luminyakozmetik.com\/tr\/wp-json\/wp\/v2\/media\/22426"}],"wp:attachment":[{"href":"https:\/\/www.luminyakozmetik.com\/tr\/wp-json\/wp\/v2\/media?parent=22305"}],"wp:term":[{"taxonomy":"product_brand","embeddable":true,"href":"https:\/\/www.luminyakozmetik.com\/tr\/wp-json\/wp\/v2\/product_brand?post=22305"},{"taxonomy":"product_cat","embeddable":true,"href":"https:\/\/www.luminyakozmetik.com\/tr\/wp-json\/wp\/v2\/product_cat?post=22305"},{"taxonomy":"product_tag","embeddable":true,"href":"https:\/\/www.luminyakozmetik.com\/tr\/wp-json\/wp\/v2\/product_tag?post=22305"}],"curies":[{"name":"wp","href":"https:\/\/api.w.org\/{rel}","templated":true}]}}