{"id":22309,"date":"2026-02-06T23:49:41","date_gmt":"2026-02-06T20:49:41","guid":{"rendered":"https:\/\/www.luminyakozmetik.com\/?post_type=product&#038;p=22309"},"modified":"2026-03-04T23:11:18","modified_gmt":"2026-03-04T20:11:18","slug":"dogal-biberiye-sabunu-sac-dokulmesine-karsi-100-g","status":"publish","type":"product","link":"https:\/\/www.luminyakozmetik.com\/tr\/urun\/dogal-biberiye-sabunu-sac-dokulmesine-karsi-100-g\/","title":{"rendered":"4 Adet Do\u011fal Biberiye Sabun | Sa\u00e7 D\u00f6k\u00fclmesine Kar\u015f\u0131 Tanesi 100 G"},"content":{"rendered":"<p data-start=\"62\" data-end=\"337\"><strong data-start=\"62\" data-end=\"84\">Do\u011fal biberiye \u00f6z\u00fc<\/strong> ile form\u00fcle edilen bu el yap\u0131m\u0131 sabun, sa\u00e7 ve sa\u00e7 derisini nazik\u00e7e ar\u0131nd\u0131r\u0131rken <strong data-start=\"165\" data-end=\"209\">sa\u00e7 d\u00f6k\u00fclmesine kar\u015f\u0131 destekleyici bak\u0131m<\/strong> sunar. D\u00fczenli kullan\u0131mda sa\u00e7 k\u00f6klerini canland\u0131rmaya, sa\u00e7 derisini dengelemeye ve daha g\u00fc\u00e7l\u00fc bir sa\u00e7 g\u00f6r\u00fcn\u00fcm\u00fcne yard\u0131mc\u0131 olur.<\/p>\n<p><strong>Kullan\u0131m \u015eekli:<\/strong> T\u00fcm v\u00fccuda k\u00f6p\u00fcrt\u00fclerek uygulan\u0131r.<\/p>\n<p><strong>\u0130\u00e7indekiler:<\/strong> Sodium palmate, sodium palm kernelate, aqua, palmitic acid, sodium chloride, glycerin, tetrasodium etidronate, tetrasodium EDTA, parfume, sulphur.<\/p>\n<h4 data-start=\"344\" data-end=\"364\">\ud83c\udf31 Ne i\u015fe yarar?<\/h4>\n<ul data-start=\"365\" data-end=\"807\">\n<li data-start=\"365\" data-end=\"485\">\n<p data-start=\"367\" data-end=\"485\"><strong data-start=\"367\" data-end=\"408\">Sa\u00e7 d\u00f6k\u00fclmesini azaltmaya destek olur<\/strong><br data-start=\"408\" data-end=\"411\" \/>Biberiyenin uyar\u0131c\u0131 etkisiyle sa\u00e7 k\u00f6klerinin beslenmesine yard\u0131mc\u0131 olur.<\/p>\n<\/li>\n<li data-start=\"486\" data-end=\"593\">\n<p data-start=\"488\" data-end=\"593\"><strong data-start=\"488\" data-end=\"516\">Sa\u00e7 derisini canland\u0131r\u0131r<\/strong><br data-start=\"516\" data-end=\"519\" \/>Kan dola\u015f\u0131m\u0131n\u0131 destekleyerek sa\u00e7\u0131n daha sa\u011fl\u0131kl\u0131 uzamas\u0131na katk\u0131 sa\u011flar.<\/p>\n<\/li>\n<li data-start=\"594\" data-end=\"708\">\n<p data-start=\"596\" data-end=\"708\"><strong data-start=\"596\" data-end=\"634\">Kepek ve ya\u011f dengesine yard\u0131mc\u0131d\u0131r<\/strong><br data-start=\"634\" data-end=\"637\" \/>A\u015f\u0131r\u0131 ya\u011flanmay\u0131 dengelemeye, kepek g\u00f6r\u00fcn\u00fcm\u00fcn\u00fc azaltmaya destek olur.<\/p>\n<\/li>\n<li data-start=\"709\" data-end=\"807\">\n<p data-start=\"711\" data-end=\"807\"><strong data-start=\"711\" data-end=\"741\">G\u00fc\u00e7l\u00fc &amp; canl\u0131 sa\u00e7 g\u00f6r\u00fcn\u00fcm\u00fc<\/strong><br data-start=\"741\" data-end=\"744\" \/>Sa\u00e7 tellerinin daha dolgun ve parlak g\u00f6r\u00fcnmesine katk\u0131 sunar.<\/p>\n<\/li>\n<\/ul>\n<h4 data-start=\"814\" data-end=\"839\">\ud83e\uddfc Kimler i\u00e7in uygun?<\/h4>\n<ul data-start=\"840\" data-end=\"1000\">\n<li data-start=\"840\" data-end=\"868\">\n<p data-start=\"842\" data-end=\"868\">Sa\u00e7 d\u00f6k\u00fclmesi ya\u015fayanlar<\/p>\n<\/li>\n<li data-start=\"869\" data-end=\"918\">\n<p data-start=\"871\" data-end=\"918\">Ya\u011fl\u0131 veya kepekli sa\u00e7 derisine sahip olanlar<\/p>\n<\/li>\n<li data-start=\"919\" data-end=\"968\">\n<p data-start=\"921\" data-end=\"968\">Kimyasal i\u00e7ermeyen, <strong data-start=\"941\" data-end=\"956\">do\u011fal bak\u0131m<\/strong> arayanlar<\/p>\n<\/li>\n<li data-start=\"969\" data-end=\"1000\">\n<p data-start=\"971\" data-end=\"1000\">Kad\u0131n &amp; erkek t\u00fcm sa\u00e7 tipleri<\/p>\n<\/li>\n<\/ul>\n<h4 data-start=\"1007\" data-end=\"1031\">\ud83d\udd52 Nas\u0131l kullan\u0131l\u0131r?<\/h4>\n<p data-start=\"1032\" data-end=\"1183\">Islak sa\u00e7a ve sa\u00e7 derisine masaj yaparak k\u00f6p\u00fcrt\u00fcn. <strong data-start=\"1083\" data-end=\"1106\">1\u20132 dakika bekletip<\/strong> bol suyla durulay\u0131n. En iyi sonu\u00e7 i\u00e7in haftada <strong data-start=\"1154\" data-end=\"1165\">3\u20134 kez<\/strong> d\u00fczenli kullan\u0131n.<\/p>","protected":false},"excerpt":{"rendered":"<p data-start=\"62\" data-end=\"337\">Do\u011fal biberiye \u00f6z\u00fc ile form\u00fcle edilen bu el yap\u0131m\u0131 sabun, sa\u00e7 ve sa\u00e7 derisini nazik\u00e7e ar\u0131nd\u0131r\u0131rken sa\u00e7 d\u00f6k\u00fclmesine kar\u015f\u0131 destekleyici bak\u0131m sunar. D\u00fczenli kullan\u0131mda sa\u00e7 k\u00f6klerini canland\u0131rmaya, sa\u00e7 derisini dengelemeye ve daha g\u00fc\u00e7l\u00fc bir sa\u00e7 g\u00f6r\u00fcn\u00fcm\u00fcne yard\u0131mc\u0131 olur.<\/p>","protected":false},"featured_media":22425,"comment_status":"open","ping_status":"closed","template":"","meta":[],"product_brand":[],"product_cat":[64],"product_tag":[],"class_list":{"0":"post-22309","1":"product","2":"type-product","3":"status-publish","4":"has-post-thumbnail","6":"product_cat-urunler","8":"first","9":"instock","10":"sale","11":"featured","12":"shipping-taxable","13":"purchasable","14":"product-type-simple"},"aioseo_notices":[],"_links":{"self":[{"href":"https:\/\/www.luminyakozmetik.com\/tr\/wp-json\/wp\/v2\/product\/22309","targetHints":{"allow":["GET"]}}],"collection":[{"href":"https:\/\/www.luminyakozmetik.com\/tr\/wp-json\/wp\/v2\/product"}],"about":[{"href":"https:\/\/www.luminyakozmetik.com\/tr\/wp-json\/wp\/v2\/types\/product"}],"replies":[{"embeddable":true,"href":"https:\/\/www.luminyakozmetik.com\/tr\/wp-json\/wp\/v2\/comments?post=22309"}],"version-history":[{"count":5,"href":"https:\/\/www.luminyakozmetik.com\/tr\/wp-json\/wp\/v2\/product\/22309\/revisions"}],"predecessor-version":[{"id":22439,"href":"https:\/\/www.luminyakozmetik.com\/tr\/wp-json\/wp\/v2\/product\/22309\/revisions\/22439"}],"wp:featuredmedia":[{"embeddable":true,"href":"https:\/\/www.luminyakozmetik.com\/tr\/wp-json\/wp\/v2\/media\/22425"}],"wp:attachment":[{"href":"https:\/\/www.luminyakozmetik.com\/tr\/wp-json\/wp\/v2\/media?parent=22309"}],"wp:term":[{"taxonomy":"product_brand","embeddable":true,"href":"https:\/\/www.luminyakozmetik.com\/tr\/wp-json\/wp\/v2\/product_brand?post=22309"},{"taxonomy":"product_cat","embeddable":true,"href":"https:\/\/www.luminyakozmetik.com\/tr\/wp-json\/wp\/v2\/product_cat?post=22309"},{"taxonomy":"product_tag","embeddable":true,"href":"https:\/\/www.luminyakozmetik.com\/tr\/wp-json\/wp\/v2\/product_tag?post=22309"}],"curies":[{"name":"wp","href":"https:\/\/api.w.org\/{rel}","templated":true}]}}