{"id":41,"date":"2026-02-05T09:32:52","date_gmt":"2026-02-05T06:32:52","guid":{"rendered":"http:\/\/www.luminyakozmetik.com\/?product=import-placeholder-for-89"},"modified":"2026-03-04T23:14:37","modified_gmt":"2026-03-04T20:14:37","slug":"dogal-pirinc-maya-sabunu-cilt-tonu-dengeleyici-100-g","status":"publish","type":"product","link":"https:\/\/www.luminyakozmetik.com\/tr\/urun\/dogal-pirinc-maya-sabunu-cilt-tonu-dengeleyici-100-g\/","title":{"rendered":"4 Adet Do\u011fal Pirin\u00e7 Maya Sabunu | Cilt Tonu Dengeleyici Tanesi 100 G"},"content":{"rendered":"<p>Pirin\u00e7 sabunu genellikle do\u011fal i\u00e7eriklerle haz\u0131rlan\u0131r ve <strong data-start=\"293\" data-end=\"389\">cilt tonu e\u015fitlemeyi, leke g\u00f6r\u00fcn\u00fcm\u00fcn\u00fc azaltmay\u0131 ve daha ayd\u0131nl\u0131k bir cilt g\u00f6r\u00fcn\u00fcm\u00fc sa\u011flamay\u0131<\/strong> hedefler.<\/p>\n<p><strong>Kullan\u0131m \u015eekli:<\/strong> T\u00fcm v\u00fccuda k\u00f6p\u00fcrt\u00fclerek uygulan\u0131r.<\/p>\n<p><strong>\u0130\u00e7indekiler:<\/strong> Sodium palmate, sodium palm kernelate, aqua, palmitic acid, sodium chloride, glycerin, tetrasodium etidronate, tetrasodium EDTA, parfume, sulphur.<\/p>\n<p data-start=\"439\" data-end=\"461\"><strong data-start=\"439\" data-end=\"461\">Faydalar\u0131:<\/strong><\/p>\n<p data-start=\"464\" data-end=\"627\">\ud83c\udf3e <strong data-start=\"467\" data-end=\"491\">Cilt tonu dengeleme:<\/strong> Pirin\u00e7 ve pirin\u00e7 \u00f6zleri, d\u00fczenli kullan\u0131mda cilt tonunu daha e\u015fit g\u00f6stermeye yard\u0131mc\u0131 olabilir.<\/p>\n<p data-start=\"630\" data-end=\"766\">\u2728 <strong data-start=\"632\" data-end=\"654\">Ayd\u0131nlatma etkisi:<\/strong> Do\u011fal i\u00e7erikler sayesinde cilde daha parlak bir g\u00f6r\u00fcn\u00fcm kazand\u0131rabilir.<\/p>\n<p data-start=\"769\" data-end=\"905\">\ud83d\udec1 <strong data-start=\"772\" data-end=\"792\">Nazik temizleme:<\/strong> Cildi kurutmadan temizler ve do\u011fal ya\u011f dengesini korumaya yard\u0131mc\u0131 olur.<\/p>\n<p data-start=\"908\" data-end=\"1041\">\ud83d\udc86\u200d\u2640\ufe0f <strong data-start=\"914\" data-end=\"931\">G\u00fcnl\u00fck bak\u0131m:<\/strong> Y\u00fcz ve v\u00fccutta g\u00fcnl\u00fck temizlik rutininin par\u00e7as\u0131 olarak kullan\u0131labilir.<\/p>","protected":false},"excerpt":{"rendered":"<p>Pirin\u00e7 sabunu genellikle do\u011fal i\u00e7eriklerle haz\u0131rlan\u0131r ve cilt tonu e\u015fitlemeyi, leke g\u00f6r\u00fcn\u00fcm\u00fcn\u00fc azaltmay\u0131 ve daha ayd\u0131nl\u0131k bir cilt g\u00f6r\u00fcn\u00fcm\u00fc sa\u011flamay\u0131 hedefler. Cilt tonu dengeleme: Pirin\u00e7 ve pirin\u00e7 \u00f6zleri, d\u00fczenli kullan\u0131mda cilt tonunu daha e\u015fit g\u00f6stermeye yard\u0131mc\u0131 olabilir.<\/p>","protected":false},"featured_media":22427,"comment_status":"open","ping_status":"closed","template":"","meta":[],"product_brand":[],"product_cat":[64],"product_tag":[],"class_list":{"0":"post-41","1":"product","2":"type-product","3":"status-publish","4":"has-post-thumbnail","6":"product_cat-urunler","8":"first","9":"instock","10":"sale","11":"featured","12":"shipping-taxable","13":"purchasable","14":"product-type-simple"},"aioseo_notices":[],"_links":{"self":[{"href":"https:\/\/www.luminyakozmetik.com\/tr\/wp-json\/wp\/v2\/product\/41","targetHints":{"allow":["GET"]}}],"collection":[{"href":"https:\/\/www.luminyakozmetik.com\/tr\/wp-json\/wp\/v2\/product"}],"about":[{"href":"https:\/\/www.luminyakozmetik.com\/tr\/wp-json\/wp\/v2\/types\/product"}],"replies":[{"embeddable":true,"href":"https:\/\/www.luminyakozmetik.com\/tr\/wp-json\/wp\/v2\/comments?post=41"}],"version-history":[{"count":16,"href":"https:\/\/www.luminyakozmetik.com\/tr\/wp-json\/wp\/v2\/product\/41\/revisions"}],"predecessor-version":[{"id":22441,"href":"https:\/\/www.luminyakozmetik.com\/tr\/wp-json\/wp\/v2\/product\/41\/revisions\/22441"}],"wp:featuredmedia":[{"embeddable":true,"href":"https:\/\/www.luminyakozmetik.com\/tr\/wp-json\/wp\/v2\/media\/22427"}],"wp:attachment":[{"href":"https:\/\/www.luminyakozmetik.com\/tr\/wp-json\/wp\/v2\/media?parent=41"}],"wp:term":[{"taxonomy":"product_brand","embeddable":true,"href":"https:\/\/www.luminyakozmetik.com\/tr\/wp-json\/wp\/v2\/product_brand?post=41"},{"taxonomy":"product_cat","embeddable":true,"href":"https:\/\/www.luminyakozmetik.com\/tr\/wp-json\/wp\/v2\/product_cat?post=41"},{"taxonomy":"product_tag","embeddable":true,"href":"https:\/\/www.luminyakozmetik.com\/tr\/wp-json\/wp\/v2\/product_tag?post=41"}],"curies":[{"name":"wp","href":"https:\/\/api.w.org\/{rel}","templated":true}]}}